{"id":143,"date":"2023-08-22T21:21:05","date_gmt":"2023-08-23T00:21:05","guid":{"rendered":"https:\/\/coletivo21.art\/?page_id=143"},"modified":"2024-08-15T12:24:03","modified_gmt":"2024-08-15T15:24:03","slug":"sobre-nos","status":"publish","type":"page","link":"https:\/\/coletivo21.art\/en\/sobre-nos\/","title":{"rendered":"About us"},"content":{"rendered":"<div data-elementor-type=\"wp-page\" data-elementor-id=\"143\" class=\"elementor elementor-143\" data-elementor-post-type=\"page\">\n\t\t\t\t\t\t<section class=\"elementor-section elementor-top-section elementor-element elementor-element-fc9b543 elementor-section-boxed elementor-section-height-default elementor-section-height-default\" data-id=\"fc9b543\" data-element_type=\"section\" data-settings=\"{&quot;jet_parallax_layout_list&quot;:[]}\">\n\t\t\t\t\t\t<div class=\"elementor-container elementor-column-gap-default\">\n\t\t\t\t\t<div class=\"elementor-column elementor-col-100 elementor-top-column elementor-element elementor-element-281efa6\" data-id=\"281efa6\" data-element_type=\"column\">\n\t\t\t<div class=\"elementor-widget-wrap elementor-element-populated\">\n\t\t\t\t\t\t<div class=\"elementor-element elementor-element-eabe684 elementor-widget elementor-widget-image\" data-id=\"eabe684\" data-element_type=\"widget\" data-widget_type=\"image.default\">\n\t\t\t\t<div class=\"elementor-widget-container\">\n\t\t\t\t\t\t\t\t\t\t\t\t\t\t\t<img fetchpriority=\"high\" decoding=\"async\" width=\"800\" height=\"189\" src=\"https:\/\/coletivo21.art\/wp-content\/uploads\/2023\/08\/C21PL.png\" class=\"attachment-large size-large wp-image-1210\" alt=\"\" srcset=\"https:\/\/coletivo21.art\/wp-content\/uploads\/2023\/08\/C21PL.png 976w, https:\/\/coletivo21.art\/wp-content\/uploads\/2023\/08\/C21PL-300x71.png 300w, https:\/\/coletivo21.art\/wp-content\/uploads\/2023\/08\/C21PL-768x182.png 768w, https:\/\/coletivo21.art\/wp-content\/uploads\/2023\/08\/C21PL-18x4.png 18w\" sizes=\"(max-width: 800px) 100vw, 800px\" \/>\t\t\t\t\t\t\t\t\t\t\t\t\t\t\t<\/div>\n\t\t\t\t<\/div>\n\t\t\t\t<div class=\"elementor-element elementor-element-353f489 elementor-widget elementor-widget-spacer\" data-id=\"353f489\" data-element_type=\"widget\" data-widget_type=\"spacer.default\">\n\t\t\t\t<div class=\"elementor-widget-container\">\n\t\t\t\t\t\t\t<div class=\"elementor-spacer\">\n\t\t\t<div class=\"elementor-spacer-inner\"><\/div>\n\t\t<\/div>\n\t\t\t\t\t\t<\/div>\n\t\t\t\t<\/div>\n\t\t\t\t<div class=\"elementor-element elementor-element-24a6d36 elementor-widget elementor-widget-text-editor\" data-id=\"24a6d36\" data-element_type=\"widget\" data-widget_type=\"text-editor.default\">\n\t\t\t\t<div class=\"elementor-widget-container\">\n\t\t\t\t\t\t\t\t\t<p>Coletivo 21 is the extraordinary meeting of more than twenty artists, who unexpectedly found common ground in the visual arts. Coming from different regions and with varied artistic experiences, we unite our traits around one goal: sharing our passion and creative vision.<\/p><p>The journey that brought us together was shaped by the lessons and guidance of the respected professor and artist, S\u00e9rgio Fingermann. Thanks to the virtual world, we overcome physical barriers and connect deeply, transforming challenges into opportunities for growth and innovation.<\/p><p>We are united by the belief that the creative process is a constant commitment to excellence. Whether in oil or acrylic painting, sculpture, printmaking, digital art or watercolor, we share a dedication to honing every detail, erasing, redoing and bringing our visions to life.<\/p><p>Our exhibition is a diverse mosaic of shapes, colors and ideas, reflecting the strength of collaboration and the uniqueness of each artist. We invite you to explore our virtual gallery, where art transcends geographic distance and becomes a celebration of creativity in its most authentic form.<\/p>\t\t\t\t\t\t\t\t<\/div>\n\t\t\t\t<\/div>\n\t\t\t\t\t<\/div>\n\t\t<\/div>\n\t\t\t\t\t<\/div>\n\t\t<\/section>\n\t\t\t\t<\/div>","protected":false},"excerpt":{"rendered":"<p>O Coletivo 21 \u00e9 o encontro extraordin\u00e1rio de mais de vinte artistas, que de maneira inesperada, encontraram um terreno comum nas artes visuais. Origin\u00e1rios de diversas regi\u00f5es e com experi\u00eancias art\u00edsticas variadas, unimos nossos tra\u00e7os em torno de um objetivo: compartilhar nossa paix\u00e3o e vis\u00e3o criativa. A jornada que nos uniu foi moldada pelas li\u00e7\u00f5es [&hellip;]<\/p>","protected":false},"author":1,"featured_media":0,"parent":0,"menu_order":0,"comment_status":"closed","ping_status":"closed","template":"elementor_header_footer","meta":{"footnotes":""},"class_list":["post-143","page","type-page","status-publish","hentry"],"yoast_head":"<!-- This site is optimized with the Yoast SEO Premium plugin v22.8 (Yoast SEO v22.8) - https:\/\/yoast.com\/wordpress\/plugins\/seo\/ -->\n<title>Sobre n\u00f3s - Coletivo 21<\/title>\n<meta name=\"robots\" content=\"index, follow, max-snippet:-1, max-image-preview:large, max-video-preview:-1\" \/>\n<link rel=\"canonical\" href=\"https:\/\/coletivo21.art\/en\/sobre-nos\/\" \/>\n<meta property=\"og:locale\" content=\"en_US\" \/>\n<meta property=\"og:type\" content=\"article\" \/>\n<meta property=\"og:title\" content=\"Sobre n\u00f3s\" \/>\n<meta property=\"og:description\" content=\"O Coletivo 21 \u00e9 o encontro extraordin\u00e1rio de mais de vinte artistas, que de maneira inesperada, encontraram um terreno comum nas artes visuais. Origin\u00e1rios de diversas regi\u00f5es e com experi\u00eancias art\u00edsticas variadas, unimos nossos tra\u00e7os em torno de um objetivo: compartilhar nossa paix\u00e3o e vis\u00e3o criativa. A jornada que nos uniu foi moldada pelas li\u00e7\u00f5es [&hellip;]\" \/>\n<meta property=\"og:url\" content=\"https:\/\/coletivo21.art\/en\/sobre-nos\/\" \/>\n<meta property=\"og:site_name\" content=\"Coletivo 21\" \/>\n<meta property=\"article:modified_time\" content=\"2024-08-15T15:24:03+00:00\" \/>\n<meta property=\"og:image\" content=\"https:\/\/coletivo21.art\/wp-content\/uploads\/2023\/08\/C21PL.png\" \/>\n<meta name=\"twitter:card\" content=\"summary_large_image\" \/>\n<meta name=\"twitter:label1\" content=\"Est. reading time\" \/>\n\t<meta name=\"twitter:data1\" content=\"2 minutes\" \/>\n<script type=\"application\/ld+json\" class=\"yoast-schema-graph\">{\"@context\":\"https:\/\/schema.org\",\"@graph\":[{\"@type\":\"WebPage\",\"@id\":\"https:\/\/coletivo21.art\/sobre-nos\/\",\"url\":\"https:\/\/coletivo21.art\/sobre-nos\/\",\"name\":\"Sobre n\u00f3s - Coletivo 21\",\"isPartOf\":{\"@id\":\"https:\/\/coletivo21.art\/#website\"},\"primaryImageOfPage\":{\"@id\":\"https:\/\/coletivo21.art\/sobre-nos\/#primaryimage\"},\"image\":{\"@id\":\"https:\/\/coletivo21.art\/sobre-nos\/#primaryimage\"},\"thumbnailUrl\":\"https:\/\/coletivo21.art\/wp-content\/uploads\/2023\/08\/C21PL.png\",\"datePublished\":\"2023-08-23T00:21:05+00:00\",\"dateModified\":\"2024-08-15T15:24:03+00:00\",\"breadcrumb\":{\"@id\":\"https:\/\/coletivo21.art\/sobre-nos\/#breadcrumb\"},\"inLanguage\":\"en-US\",\"potentialAction\":[{\"@type\":\"ReadAction\",\"target\":[\"https:\/\/coletivo21.art\/sobre-nos\/\"]}]},{\"@type\":\"ImageObject\",\"inLanguage\":\"en-US\",\"@id\":\"https:\/\/coletivo21.art\/sobre-nos\/#primaryimage\",\"url\":\"https:\/\/coletivo21.art\/wp-content\/uploads\/2023\/08\/C21PL.png\",\"contentUrl\":\"https:\/\/coletivo21.art\/wp-content\/uploads\/2023\/08\/C21PL.png\"},{\"@type\":\"BreadcrumbList\",\"@id\":\"https:\/\/coletivo21.art\/sobre-nos\/#breadcrumb\",\"itemListElement\":[{\"@type\":\"ListItem\",\"position\":1,\"name\":\"In\u00edcio\",\"item\":\"https:\/\/coletivo21.art\/\"},{\"@type\":\"ListItem\",\"position\":2,\"name\":\"Sobre n\u00f3s\"}]},{\"@type\":\"WebSite\",\"@id\":\"https:\/\/coletivo21.art\/#website\",\"url\":\"https:\/\/coletivo21.art\/\",\"name\":\"Coletivo 21\",\"description\":\"Coletivo de Artistas\",\"publisher\":{\"@id\":\"https:\/\/coletivo21.art\/#organization\"},\"potentialAction\":[{\"@type\":\"SearchAction\",\"target\":{\"@type\":\"EntryPoint\",\"urlTemplate\":\"https:\/\/coletivo21.art\/?s={search_term_string}\"},\"query-input\":\"required name=search_term_string\"}],\"inLanguage\":\"en-US\"},{\"@type\":\"Organization\",\"@id\":\"https:\/\/coletivo21.art\/#organization\",\"name\":\"Coletivo 21\",\"url\":\"https:\/\/coletivo21.art\/\",\"logo\":{\"@type\":\"ImageObject\",\"inLanguage\":\"en-US\",\"@id\":\"https:\/\/coletivo21.art\/#\/schema\/logo\/image\/\",\"url\":\"https:\/\/coletivo21.art\/wp-content\/uploads\/2023\/08\/C21PL.png\",\"contentUrl\":\"https:\/\/coletivo21.art\/wp-content\/uploads\/2023\/08\/C21PL.png\",\"width\":976,\"height\":231,\"caption\":\"Coletivo 21\"},\"image\":{\"@id\":\"https:\/\/coletivo21.art\/#\/schema\/logo\/image\/\"},\"sameAs\":[\"https:\/\/www.instagram.com\/coletivo_21\/\"]}]}<\/script>\n<!-- \/ Yoast SEO Premium plugin. -->","yoast_head_json":{"title":"Sobre n\u00f3s - Coletivo 21","robots":{"index":"index","follow":"follow","max-snippet":"max-snippet:-1","max-image-preview":"max-image-preview:large","max-video-preview":"max-video-preview:-1"},"canonical":"https:\/\/coletivo21.art\/en\/sobre-nos\/","og_locale":"en_US","og_type":"article","og_title":"Sobre n\u00f3s","og_description":"O Coletivo 21 \u00e9 o encontro extraordin\u00e1rio de mais de vinte artistas, que de maneira inesperada, encontraram um terreno comum nas artes visuais. Origin\u00e1rios de diversas regi\u00f5es e com experi\u00eancias art\u00edsticas variadas, unimos nossos tra\u00e7os em torno de um objetivo: compartilhar nossa paix\u00e3o e vis\u00e3o criativa. A jornada que nos uniu foi moldada pelas li\u00e7\u00f5es [&hellip;]","og_url":"https:\/\/coletivo21.art\/en\/sobre-nos\/","og_site_name":"Coletivo 21","article_modified_time":"2024-08-15T15:24:03+00:00","og_image":[{"url":"https:\/\/coletivo21.art\/wp-content\/uploads\/2023\/08\/C21PL.png"}],"twitter_card":"summary_large_image","twitter_misc":{"Est. reading time":"2 minutes"},"schema":{"@context":"https:\/\/schema.org","@graph":[{"@type":"WebPage","@id":"https:\/\/coletivo21.art\/sobre-nos\/","url":"https:\/\/coletivo21.art\/sobre-nos\/","name":"Sobre n\u00f3s - Coletivo 21","isPartOf":{"@id":"https:\/\/coletivo21.art\/#website"},"primaryImageOfPage":{"@id":"https:\/\/coletivo21.art\/sobre-nos\/#primaryimage"},"image":{"@id":"https:\/\/coletivo21.art\/sobre-nos\/#primaryimage"},"thumbnailUrl":"https:\/\/coletivo21.art\/wp-content\/uploads\/2023\/08\/C21PL.png","datePublished":"2023-08-23T00:21:05+00:00","dateModified":"2024-08-15T15:24:03+00:00","breadcrumb":{"@id":"https:\/\/coletivo21.art\/sobre-nos\/#breadcrumb"},"inLanguage":"en-US","potentialAction":[{"@type":"ReadAction","target":["https:\/\/coletivo21.art\/sobre-nos\/"]}]},{"@type":"ImageObject","inLanguage":"en-US","@id":"https:\/\/coletivo21.art\/sobre-nos\/#primaryimage","url":"https:\/\/coletivo21.art\/wp-content\/uploads\/2023\/08\/C21PL.png","contentUrl":"https:\/\/coletivo21.art\/wp-content\/uploads\/2023\/08\/C21PL.png"},{"@type":"BreadcrumbList","@id":"https:\/\/coletivo21.art\/sobre-nos\/#breadcrumb","itemListElement":[{"@type":"ListItem","position":1,"name":"In\u00edcio","item":"https:\/\/coletivo21.art\/"},{"@type":"ListItem","position":2,"name":"Sobre n\u00f3s"}]},{"@type":"WebSite","@id":"https:\/\/coletivo21.art\/#website","url":"https:\/\/coletivo21.art\/","name":"Coletivo 21","description":"Coletivo de Artistas","publisher":{"@id":"https:\/\/coletivo21.art\/#organization"},"potentialAction":[{"@type":"SearchAction","target":{"@type":"EntryPoint","urlTemplate":"https:\/\/coletivo21.art\/?s={search_term_string}"},"query-input":"required name=search_term_string"}],"inLanguage":"en-US"},{"@type":"Organization","@id":"https:\/\/coletivo21.art\/#organization","name":"Coletivo 21","url":"https:\/\/coletivo21.art\/","logo":{"@type":"ImageObject","inLanguage":"en-US","@id":"https:\/\/coletivo21.art\/#\/schema\/logo\/image\/","url":"https:\/\/coletivo21.art\/wp-content\/uploads\/2023\/08\/C21PL.png","contentUrl":"https:\/\/coletivo21.art\/wp-content\/uploads\/2023\/08\/C21PL.png","width":976,"height":231,"caption":"Coletivo 21"},"image":{"@id":"https:\/\/coletivo21.art\/#\/schema\/logo\/image\/"},"sameAs":["https:\/\/www.instagram.com\/coletivo_21\/"]}]}},"_links":{"self":[{"href":"https:\/\/coletivo21.art\/en\/wp-json\/wp\/v2\/pages\/143","targetHints":{"allow":["GET"]}}],"collection":[{"href":"https:\/\/coletivo21.art\/en\/wp-json\/wp\/v2\/pages"}],"about":[{"href":"https:\/\/coletivo21.art\/en\/wp-json\/wp\/v2\/types\/page"}],"author":[{"embeddable":true,"href":"https:\/\/coletivo21.art\/en\/wp-json\/wp\/v2\/users\/1"}],"replies":[{"embeddable":true,"href":"https:\/\/coletivo21.art\/en\/wp-json\/wp\/v2\/comments?post=143"}],"version-history":[{"count":40,"href":"https:\/\/coletivo21.art\/en\/wp-json\/wp\/v2\/pages\/143\/revisions"}],"predecessor-version":[{"id":1216,"href":"https:\/\/coletivo21.art\/en\/wp-json\/wp\/v2\/pages\/143\/revisions\/1216"}],"wp:attachment":[{"href":"https:\/\/coletivo21.art\/en\/wp-json\/wp\/v2\/media?parent=143"}],"curies":[{"name":"wp","href":"https:\/\/api.w.org\/{rel}","templated":true}]}}